{"id":1564,"date":"2014-11-03T03:12:47","date_gmt":"2014-11-03T03:12:47","guid":{"rendered":"http:\/\/localhost\/momental\/?page_id=1564"},"modified":"2020-03-02T20:14:27","modified_gmt":"2020-03-02T20:14:27","slug":"homepagebuilder","status":"publish","type":"page","link":"https:\/\/sts.gb.net\/de\/","title":{"rendered":"Zuhause"},"content":{"rendered":"<p>[vc_row][vc_column animation=&#8221;fade-in-from-top&#8221; width=&#8221;1\/1&#8243;]<div class=\"flexslider wpb_content_element\"><ul class=\"slides\"><li><img decoding=\"async\" src=\"https:\/\/sts.gb.net\/de\/wp-content\/uploads\/2014\/11\/banner11.png\" alt=\"\" \/><\/li><li><img decoding=\"async\" src=\"https:\/\/sts.gb.net\/de\/wp-content\/uploads\/2014\/11\/banner10.png\" alt=\"\" \/><\/li><li><img decoding=\"async\" src=\"https:\/\/sts.gb.net\/de\/wp-content\/uploads\/2014\/11\/banner9.png\" alt=\"\" \/><\/li><li><img decoding=\"async\" src=\"https:\/\/sts.gb.net\/de\/wp-content\/uploads\/2014\/11\/banner8.png\" alt=\"\" \/><\/li><li><img decoding=\"async\" src=\"https:\/\/sts.gb.net\/de\/wp-content\/uploads\/2014\/11\/banner7.png\" alt=\"\" \/><\/li><li><img decoding=\"async\" src=\"https:\/\/sts.gb.net\/de\/wp-content\/uploads\/2014\/11\/banner4.png\" alt=\"\" \/><\/li><li><img decoding=\"async\" src=\"https:\/\/sts.gb.net\/de\/wp-content\/uploads\/2014\/11\/banner3.png\" alt=\"\" \/><\/li><li><img decoding=\"async\" src=\"https:\/\/sts.gb.net\/de\/wp-content\/uploads\/2014\/11\/banner2.png\" alt=\"\" \/><\/li><li><img decoding=\"async\" src=\"https:\/\/sts.gb.net\/de\/wp-content\/uploads\/2014\/11\/banner1.png\" alt=\"\" \/><\/li><li><img decoding=\"async\" src=\"https:\/\/sts.gb.net\/de\/wp-content\/uploads\/2014\/11\/banner.png\" alt=\"\" \/><\/li><\/ul><\/div><h1 class=\"headline font-special fontsize-m fontweight-inherit lh-13 align-center transform-uppercase \" style=\"margin: 0 0 20px 0; color: #0a0666;\">VIELEN DANK F\u00dcR IHREN BESUCH AUF DER TECHNICAL SOLUTIONS WEBSITE<\/h1><div class=\"spacer\" style=\"height: 20px;\"><\/div>[\/vc_column][\/vc_row][vc_row][vc_column animation=&#8221;fade-in-from-bottom&#8221; bg_color=&#8221;#435d76&#8243; column_padding=&#8221;padding-2&#8243; text_color=&#8221;custom&#8221; custom_text_color=&#8221;#444444&#8243; width=&#8221;1\/1&#8243;]<div class=\"headline font-inherit fontsize-m fontweight-inherit lh-12 align-center transform-inherit \" style=\"margin: 0 0 20px 0; color: #e8e8e8;\">\n<h1>Firmenphilosophie<\/h1>\n<p>&#8220;Wir werden die Bed\u00fcrfnisse unserer Kunden unterst\u00fctzen und die Betriebskosten des Kunden durch fehlerfreie, kosteneffektive Produkte und Dienste verringern. Alle Produkte wurden in einem \u00f6kologisch nachhaltigen Prozess hergestellt&#8221;.<\/p>\n<p>Gordon Riddell \u2013 Gesch\u00e4ftsf\u00fchrer.<\/div>[\/vc_column][\/vc_row][vc_row type=&#8221;full_width_section&#8221; text_align=&#8221;center&#8221; full_height=&#8221;yes&#8221; content_placement=&#8221;top&#8221;][vc_column animation=&#8221;fade-in-from-right&#8221; bg_color=&#8221;#435d76&#8243; column_padding=&#8221;padding-3&#8243; text_color=&#8221;custom&#8221; custom_text_color=&#8221;#0a0a0a&#8221; width=&#8221;1\/2&#8243;]<div class=\"box clearfix style-1 wpb_content_element align-left \" style=\"padding: 40px 40px 33px 40px; \">\n<h2><span class=\"pullquote align-left\">Simple Technical Solutions <\/span><\/h2>\n<p>&#8220;PVD Produktionsanlagen und Ersatzteile f\u00fcr Halbleiter- und optische Anwendungen.&#8221;<\/p>\n<div class=\"spacer\" style=\"height: 24px;\"><\/div>\n<a href=\"http:\/\/sts.gb.net\/de\/about-us\/\" target=\"_self\" class=\"button color-1 small \" style=\"border-radius: 2px;\">Erfahren Sie mehr \u00fcber Simple Technical Solutions<\/a><\/div>[\/vc_column][vc_column animation=&#8221;fade-in-from-right&#8221; bg_color=&#8221;#435d76&#8243; column_padding=&#8221;padding-3&#8243; text_align=&#8221;right&#8221; width=&#8221;1\/2&#8243;]<div class=\"box clearfix style-1 wpb_content_element align-left \" style=\"padding: 40px 40px 40px 40px; \">\n<h2><span class=\"pullquote align-left\">Pr\u00e4zisionsreinigungsdienste <\/span><\/h2>\n<p>&#8220;Pr\u00e4zise Teilereinigung und Beschichtungen f\u00fcr zuverl\u00e4ssige, \u00fcberlegenere Werkzeugleistung, durch konsequent kontrollierte Fertigungsprozesse.&#8221;<\/p>\n<a href=\"http:\/\/sts.gb.net\/de\/precision-cleaning\/\" target=\"_self\" class=\"button color-1 small \" style=\"border-radius: 2px;\">Finde mehr heraus about Pr\u00e4zisionsreinigungsdienste<\/a><\/div>[\/vc_column][\/vc_row][vc_row][vc_column width=&#8221;1\/1&#8243;]<div class=\"spacer\" style=\"height: 20px;\"><\/div>[\/vc_column][\/vc_row][vc_row][vc_column width=&#8221;1\/1&#8243;]<div class=\"blog-shortcode blog-page blog-medium\"><div class=\"blog-wrap\"><article id=\"post-2774\" class=\"clearfix post-2774 post type-post status-publish format-standard has-post-thumbnail hentry category-neuigkeiten\">\n    \n        <div class=\"entry-image\">\n        <a href=\"https:\/\/sts.gb.net\/de\/simple-technical-solutions-wins-prestigious-manufacturing-supplier-of-the-year-category-at-last-nights-techworks-awards\/\" title=\"Permalink to Simple Technical Solutions wurde gestern Abend in der renommierten Kategorie \u201eZulieferer f\u00fcr die Produktion des Jahres\u201c bei den TechWorks Awards ausgezeichnet\" rel=\"bookmark\">\n            <img loading=\"lazy\" decoding=\"async\" width=\"120\" height=\"120\" src=\"https:\/\/sts.gb.net\/de\/wp-content\/uploads\/2016\/02\/ico120.png\" class=\"attachment-portfolio size-portfolio wp-post-image\" alt=\"\" srcset=\"https:\/\/sts.gb.net\/de\/wp-content\/uploads\/2016\/02\/ico120.png 120w, https:\/\/sts.gb.net\/de\/wp-content\/uploads\/2016\/02\/ico120-80x80.png 80w\" sizes=\"auto, (max-width: 120px) 100vw, 120px\" \/>        <\/a>\n    <\/div>\n        \n    <div class=\"entry-wrap\">\n\n        <div class=\"entry-title\">\n        \t<h2><a href=\"https:\/\/sts.gb.net\/de\/simple-technical-solutions-wins-prestigious-manufacturing-supplier-of-the-year-category-at-last-nights-techworks-awards\/\" title=\"Permalink to Simple Technical Solutions wurde gestern Abend in der renommierten Kategorie \u201eZulieferer f\u00fcr die Produktion des Jahres\u201c bei den TechWorks Awards ausgezeichnet\" rel=\"bookmark\">Simple Technical Solutions wurde gestern Abend in der renommierten Kategorie \u201eZulieferer f\u00fcr die Produktion des Jahres\u201c bei den TechWorks Awards ausgezeichnet<\/a><\/h2>\n        <\/div>\n\n        <div class=\"entry-content\">\n        \t23. November 2018 - Simple Technical Solutions (STS) wurde gestern Abend bei den TechWorks Awards zum besten britischen Zulieferer f\u00fcr Produktion 2018 erkl\u00e4rt. Der Kategoriesieger wird in einer Kundenumfrage ermittelt,&hellip;        <\/div>\n\n        <div class=\"entry-meta\">\n                    <\/div>\n\n    <\/div>\n\n<\/article><!-- #post -->\n\n<div class=\"clear\"><\/div><\/div><\/div>[\/vc_column][\/vc_row][vc_row][vc_column width=&#8221;1\/1&#8243;][\/vc_column][\/vc_row]<\/p>\n","protected":false},"excerpt":{"rendered":"<p>[vc_row][vc_column animation=&#8221;fade-in-from-top&#8221; width=&#8221;1\/1&#8243;][\/vc_column][\/vc_row][vc_row][vc_column animation=&#8221;fade-in-from-bottom&#8221; bg_color=&#8221;#435d76&#8243; column_padding=&#8221;padding-2&#8243; text_color=&#8221;custom&#8221; custom_text_color=&#8221;#444444&#8243; width=&#8221;1\/1&#8243;][\/vc_column][\/vc_row][vc_row type=&#8221;full_width_section&#8221; text_align=&#8221;center&#8221; full_height=&#8221;yes&#8221; content_placement=&#8221;top&#8221;][vc_column animation=&#8221;fade-in-from-right&#8221; bg_color=&#8221;#435d76&#8243; column_padding=&#8221;padding-3&#8243; text_color=&#8221;custom&#8221; custom_text_color=&#8221;#0a0a0a&#8221; width=&#8221;1\/2&#8243;][\/vc_column][vc_column animation=&#8221;fade-in-from-right&#8221; bg_color=&#8221;#435d76&#8243; column_padding=&#8221;padding-3&#8243; text_align=&#8221;right&#8221; width=&#8221;1\/2&#8243;][\/vc_column][\/vc_row][vc_row][vc_column width=&#8221;1\/1&#8243;][\/vc_column][\/vc_row][vc_row][vc_column width=&#8221;1\/1&#8243;][\/vc_column][\/vc_row][vc_row][vc_column width=&#8221;1\/1&#8243;][\/vc_column][\/vc_row]<\/p>\n","protected":false},"author":1,"featured_media":0,"parent":0,"menu_order":0,"comment_status":"closed","ping_status":"closed","template":"","meta":{"footnotes":""},"class_list":["post-1564","page","type-page","status-publish","hentry"],"_links":{"self":[{"href":"https:\/\/sts.gb.net\/de\/wp-json\/wp\/v2\/pages\/1564","targetHints":{"allow":["GET"]}}],"collection":[{"href":"https:\/\/sts.gb.net\/de\/wp-json\/wp\/v2\/pages"}],"about":[{"href":"https:\/\/sts.gb.net\/de\/wp-json\/wp\/v2\/types\/page"}],"author":[{"embeddable":true,"href":"https:\/\/sts.gb.net\/de\/wp-json\/wp\/v2\/users\/1"}],"replies":[{"embeddable":true,"href":"https:\/\/sts.gb.net\/de\/wp-json\/wp\/v2\/comments?post=1564"}],"version-history":[{"count":132,"href":"https:\/\/sts.gb.net\/de\/wp-json\/wp\/v2\/pages\/1564\/revisions"}],"predecessor-version":[{"id":2938,"href":"https:\/\/sts.gb.net\/de\/wp-json\/wp\/v2\/pages\/1564\/revisions\/2938"}],"wp:attachment":[{"href":"https:\/\/sts.gb.net\/de\/wp-json\/wp\/v2\/media?parent=1564"}],"curies":[{"name":"wp","href":"https:\/\/api.w.org\/{rel}","templated":true}]}}